{"id":201,"date":"2021-06-29T10:30:24","date_gmt":"2021-06-29T08:30:24","guid":{"rendered":"http:\/\/dmsindustry.fr\/?page_id=201"},"modified":"2021-09-06T11:56:27","modified_gmt":"2021-09-06T09:56:27","slug":"caisse-de-tete","status":"publish","type":"page","link":"http:\/\/dmsindustry.fr\/index.php\/produits\/caisse-de-tete\/","title":{"rendered":"Caisse de t\u00eate"},"content":{"rendered":"\n<div class=\"wp-block-cover\" style=\"min-height:125px;aspect-ratio:unset;\"><img loading=\"lazy\" decoding=\"async\" width=\"980\" height=\"142\" class=\"wp-block-cover__image-background wp-image-320\" alt=\"\" src=\"http:\/\/dmsindustry.fr\/wp-content\/uploads\/2021\/06\/04-Banner-CDT2.png\" style=\"object-position:1% 33%\" data-object-fit=\"cover\" data-object-position=\"1% 33%\" srcset=\"http:\/\/dmsindustry.fr\/wp-content\/uploads\/2021\/06\/04-Banner-CDT2.png 980w, http:\/\/dmsindustry.fr\/wp-content\/uploads\/2021\/06\/04-Banner-CDT2-300x43.png 300w, http:\/\/dmsindustry.fr\/wp-content\/uploads\/2021\/06\/04-Banner-CDT2-768x111.png 768w\" sizes=\"(max-width: 980px) 100vw, 980px\" \/><div class=\"wp-block-cover__inner-container is-layout-flow wp-block-cover-is-layout-flow\">\n<p class=\"has-text-align-center has-large-font-size\"><\/p>\n<\/div><\/div>\n\n\n\n<div class=\"wp-block-columns is-layout-flex wp-container-core-columns-is-layout-2 wp-block-columns-is-layout-flex\">\n<div class=\"wp-block-column is-layout-flow wp-block-column-is-layout-flow\" style=\"flex-basis:100%\">\n<div class=\"wp-block-columns is-layout-flex wp-container-core-columns-is-layout-1 wp-block-columns-is-layout-flex\">\n<div class=\"wp-block-column is-layout-flow wp-block-column-is-layout-flow\" style=\"flex-basis:0%\">\n<figure class=\"wp-block-gallery columns-1 is-cropped wp-block-gallery-1 is-layout-flex wp-block-gallery-is-layout-flex\"><ul class=\"blocks-gallery-grid\"><li class=\"blocks-gallery-item\"><figure><img decoding=\"async\" src=\"http:\/\/dmsindustry.fr\/wp-content\/uploads\/2021\/06\/Headbox-1.png\" alt=\"\" data-id=\"333\" data-full-url=\"http:\/\/dmsindustry.fr\/wp-content\/uploads\/2021\/06\/Headbox-1.png\" data-link=\"http:\/\/dmsindustry.fr\/?attachment_id=333\" class=\"wp-image-333\"\/><\/figure><\/li><\/ul><\/figure>\n<\/div>\n\n\n\n<div class=\"wp-block-column is-layout-flow wp-block-column-is-layout-flow\">\n<ul><li><em>Peut \u00eatre \u00e9quip\u00e9e d\u2019un syst\u00e8me de contr\u00f4le de dilution sp\u00e9cifique n\u2019affectant pas les d\u00e9bits et pression sens travers machine.<\/em><\/li><li><em>Tube Bank \u00e0 grande perte de charge.<\/em><\/li><li><em>Contr\u00f4le de l\u2019orientation des fibres pour une feuille homog\u00e8ne sens travers machine.<\/em><\/li><li><em>Manifold parabolique calcul\u00e9 avec logiciel de \u00ab\u00a0fluid simulation\u00a0\u00bb pour une meilleure homog\u00e9n\u00e9it\u00e9 de la pression sens travers.<\/em><\/li><li><em>Agitateurs en polycarbonate ou polyur\u00e9thane haute densit\u00e9 g\u00e9n\u00e9rant une activit\u00e9 des fibres dans le convergent.<\/em><\/li><li><em>L\u00e8vres sup\u00e9rieure et inf\u00e9rieure compens\u00e9es thermiquement.<\/em><\/li><li><em>Positionnement de la l\u00e8vre par v\u00e9rin \u00e0 vis\/motor\u00e9ducteur contr\u00f4l\u00e9 en position par codeur.<\/em><\/li><li><em>Att\u00e9nuateur horizontal ou vertical pour r\u00e9duire les pulsations provenant du filtre ou de la fan pompe.<\/em><\/li><\/ul>\n\n\n\n<p>\u200b<\/p>\n<\/div>\n<\/div>\n<\/div>\n<\/div>\n\n\n\n<p>\u200b<\/p>\n","protected":false},"excerpt":{"rendered":"<p>\u200b<\/p>\n","protected":false},"author":1,"featured_media":0,"parent":114,"menu_order":1,"comment_status":"closed","ping_status":"closed","template":"","meta":{"footnotes":""},"_links":{"self":[{"href":"http:\/\/dmsindustry.fr\/index.php\/wp-json\/wp\/v2\/pages\/201"}],"collection":[{"href":"http:\/\/dmsindustry.fr\/index.php\/wp-json\/wp\/v2\/pages"}],"about":[{"href":"http:\/\/dmsindustry.fr\/index.php\/wp-json\/wp\/v2\/types\/page"}],"author":[{"embeddable":true,"href":"http:\/\/dmsindustry.fr\/index.php\/wp-json\/wp\/v2\/users\/1"}],"replies":[{"embeddable":true,"href":"http:\/\/dmsindustry.fr\/index.php\/wp-json\/wp\/v2\/comments?post=201"}],"version-history":[{"count":6,"href":"http:\/\/dmsindustry.fr\/index.php\/wp-json\/wp\/v2\/pages\/201\/revisions"}],"predecessor-version":[{"id":362,"href":"http:\/\/dmsindustry.fr\/index.php\/wp-json\/wp\/v2\/pages\/201\/revisions\/362"}],"up":[{"embeddable":true,"href":"http:\/\/dmsindustry.fr\/index.php\/wp-json\/wp\/v2\/pages\/114"}],"wp:attachment":[{"href":"http:\/\/dmsindustry.fr\/index.php\/wp-json\/wp\/v2\/media?parent=201"}],"curies":[{"name":"wp","href":"https:\/\/api.w.org\/{rel}","templated":true}]}}