{"id":363,"date":"2021-06-30T11:40:21","date_gmt":"2021-06-30T09:40:21","guid":{"rendered":"http:\/\/dmsindustry.fr\/?page_id=363"},"modified":"2021-09-06T11:56:36","modified_gmt":"2021-09-06T09:56:36","slug":"appareil-de-branlement","status":"publish","type":"page","link":"http:\/\/dmsindustry.fr\/index.php\/produits\/appareil-de-branlement\/","title":{"rendered":"Appareil de branlement"},"content":{"rendered":"\n<div class=\"wp-block-cover\" style=\"min-height:128px;aspect-ratio:unset;\"><img loading=\"lazy\" decoding=\"async\" width=\"980\" height=\"142\" class=\"wp-block-cover__image-background wp-image-343\" alt=\"\" src=\"http:\/\/dmsindustry.fr\/wp-content\/uploads\/2021\/06\/05-banner_shaker.png\" style=\"object-position:0% 0%\" data-object-fit=\"cover\" data-object-position=\"0% 0%\" srcset=\"http:\/\/dmsindustry.fr\/wp-content\/uploads\/2021\/06\/05-banner_shaker.png 980w, http:\/\/dmsindustry.fr\/wp-content\/uploads\/2021\/06\/05-banner_shaker-300x43.png 300w, http:\/\/dmsindustry.fr\/wp-content\/uploads\/2021\/06\/05-banner_shaker-768x111.png 768w\" sizes=\"(max-width: 980px) 100vw, 980px\" \/><div class=\"wp-block-cover__inner-container is-layout-flow wp-block-cover-is-layout-flow\">\n<p class=\"has-text-align-center has-large-font-size\"><\/p>\n<\/div><\/div>\n\n\n\n<ul><li><em>L\u2019appareil de branlement inertiel est utilis\u00e9 lorsqu\u2019une grande force est&nbsp; n\u00e9cessaire pour secouer le rouleau de&nbsp; t\u00eate.<\/em><\/li><li><em>Deux couples de masse non \u00e9quilibr\u00e9s sont entra\u00een\u00e9s en rotation&nbsp; par deux moteurs.<\/em><\/li><li><em>La course de d\u00e9placement est contr\u00f4l\u00e9e par le d\u00e9phasage d\u2019un couple de masse par rapport \u00e0 l\u2019autre.<\/em><\/li><li><em>La fr\u00e9quence sera en accord avec la vitesse des moteurs.<\/em><\/li><li><em>Des paliers hydrostatiques, conventionnels ou des lames pour le rouleau de t\u00eate peuvent \u00eatre livr\u00e9s avec l\u2019appareil de branlement.<\/em><\/li><\/ul>\n","protected":false},"excerpt":{"rendered":"<p>L\u2019appareil de branlement inertiel est utilis\u00e9 lorsqu\u2019une grande force est&nbsp; n\u00e9cessaire pour secouer le rouleau de&nbsp; t\u00eate. Deux couples de masse non \u00e9quilibr\u00e9s sont entra\u00een\u00e9s en rotation&nbsp; par deux moteurs. La course de d\u00e9placement est contr\u00f4l\u00e9e par le d\u00e9phasage d\u2019un couple de masse par rapport \u00e0 l\u2019autre. La fr\u00e9quence sera en accord avec la vitesse des moteurs. [&#8230;]<\/p>\n","protected":false},"author":1,"featured_media":0,"parent":114,"menu_order":2,"comment_status":"closed","ping_status":"closed","template":"","meta":{"footnotes":""},"_links":{"self":[{"href":"http:\/\/dmsindustry.fr\/index.php\/wp-json\/wp\/v2\/pages\/363"}],"collection":[{"href":"http:\/\/dmsindustry.fr\/index.php\/wp-json\/wp\/v2\/pages"}],"about":[{"href":"http:\/\/dmsindustry.fr\/index.php\/wp-json\/wp\/v2\/types\/page"}],"author":[{"embeddable":true,"href":"http:\/\/dmsindustry.fr\/index.php\/wp-json\/wp\/v2\/users\/1"}],"replies":[{"embeddable":true,"href":"http:\/\/dmsindustry.fr\/index.php\/wp-json\/wp\/v2\/comments?post=363"}],"version-history":[{"count":2,"href":"http:\/\/dmsindustry.fr\/index.php\/wp-json\/wp\/v2\/pages\/363\/revisions"}],"predecessor-version":[{"id":366,"href":"http:\/\/dmsindustry.fr\/index.php\/wp-json\/wp\/v2\/pages\/363\/revisions\/366"}],"up":[{"embeddable":true,"href":"http:\/\/dmsindustry.fr\/index.php\/wp-json\/wp\/v2\/pages\/114"}],"wp:attachment":[{"href":"http:\/\/dmsindustry.fr\/index.php\/wp-json\/wp\/v2\/media?parent=363"}],"curies":[{"name":"wp","href":"https:\/\/api.w.org\/{rel}","templated":true}]}}