{"id":377,"date":"2021-09-06T11:42:03","date_gmt":"2021-09-06T09:42:03","guid":{"rendered":"http:\/\/dmsindustry.fr\/?page_id=377"},"modified":"2021-09-07T08:18:49","modified_gmt":"2021-09-07T06:18:49","slug":"top-former","status":"publish","type":"page","link":"http:\/\/dmsindustry.fr\/index.php\/produits\/top-former\/","title":{"rendered":"Top Former"},"content":{"rendered":"\n<div class=\"wp-block-cover\" style=\"min-height:125px;aspect-ratio:unset;\"><img loading=\"lazy\" decoding=\"async\" width=\"980\" height=\"142\" class=\"wp-block-cover__image-background wp-image-378\" alt=\"\" src=\"http:\/\/dmsindustry.fr\/wp-content\/uploads\/2021\/09\/06-Banner-top-former.png\" style=\"object-position:0% 0%\" data-object-fit=\"cover\" data-object-position=\"0% 0%\" srcset=\"http:\/\/dmsindustry.fr\/wp-content\/uploads\/2021\/09\/06-Banner-top-former.png 980w, http:\/\/dmsindustry.fr\/wp-content\/uploads\/2021\/09\/06-Banner-top-former-300x43.png 300w, http:\/\/dmsindustry.fr\/wp-content\/uploads\/2021\/09\/06-Banner-top-former-768x111.png 768w\" sizes=\"(max-width: 980px) 100vw, 980px\" \/><div class=\"wp-block-cover__inner-container is-layout-flow wp-block-cover-is-layout-flow\">\n<p class=\"has-text-align-center has-large-font-size\"><\/p>\n<\/div><\/div>\n\n\n\n<ul><li><em>Utilis\u00e9 pour augmenter l\u2019\u00e9gouttage ou la formation de la feuille.<\/em><\/li><li><em>Le top former assure une activit\u00e9 fibreuse avec un essorage sym\u00e9trique et progressif de la feuille.<\/em><\/li><li><em>La feuille se trouve prise entre la toile inf\u00e9rieure (table de fabrication) et la toile sup\u00e9rieure (top former).<\/em><\/li><li><em>Haute ou basse capacit\u00e9 d\u2019\u00e9gouttage d\u00e9pendant du type de papier, de la vitesse et de la p\u00e2te.<\/em><\/li><li><em>Equip\u00e9 avec :<\/em><ul><li><em>Caisse aspirante d\u2019entr\u00e9e<\/em><\/li><li><em>Rouleau d\u2019entr\u00e9e ajustable<\/em><\/li><li><em>Caisse aspirante invers\u00e9e (courbe ou plate)<\/em><\/li><li><em>Contre lames<\/em><\/li><li><em>Caisse ajustable de sortie<\/em><\/li><li><em>Rouleau de sortie ajustable<\/em><\/li><li><em>Rinceur haute pression de nettoyage avec caisson aspirant<\/em><\/li><\/ul><\/li><\/ul>\n\n\n\n<p><em>\u200b<\/em><\/p>\n","protected":false},"excerpt":{"rendered":"<p>Utilis\u00e9 pour augmenter l\u2019\u00e9gouttage ou la formation de la feuille. Le top former assure une activit\u00e9 fibreuse avec un essorage sym\u00e9trique et progressif de la feuille. La feuille se trouve prise entre la toile inf\u00e9rieure (table de fabrication) et la toile sup\u00e9rieure (top former). Haute ou basse capacit\u00e9 d\u2019\u00e9gouttage d\u00e9pendant du type de papier, de la vitesse [&#8230;]<\/p>\n","protected":false},"author":1,"featured_media":0,"parent":114,"menu_order":3,"comment_status":"closed","ping_status":"closed","template":"","meta":{"footnotes":""},"_links":{"self":[{"href":"http:\/\/dmsindustry.fr\/index.php\/wp-json\/wp\/v2\/pages\/377"}],"collection":[{"href":"http:\/\/dmsindustry.fr\/index.php\/wp-json\/wp\/v2\/pages"}],"about":[{"href":"http:\/\/dmsindustry.fr\/index.php\/wp-json\/wp\/v2\/types\/page"}],"author":[{"embeddable":true,"href":"http:\/\/dmsindustry.fr\/index.php\/wp-json\/wp\/v2\/users\/1"}],"replies":[{"embeddable":true,"href":"http:\/\/dmsindustry.fr\/index.php\/wp-json\/wp\/v2\/comments?post=377"}],"version-history":[{"count":4,"href":"http:\/\/dmsindustry.fr\/index.php\/wp-json\/wp\/v2\/pages\/377\/revisions"}],"predecessor-version":[{"id":401,"href":"http:\/\/dmsindustry.fr\/index.php\/wp-json\/wp\/v2\/pages\/377\/revisions\/401"}],"up":[{"embeddable":true,"href":"http:\/\/dmsindustry.fr\/index.php\/wp-json\/wp\/v2\/pages\/114"}],"wp:attachment":[{"href":"http:\/\/dmsindustry.fr\/index.php\/wp-json\/wp\/v2\/media?parent=377"}],"curies":[{"name":"wp","href":"https:\/\/api.w.org\/{rel}","templated":true}]}}