{"id":381,"date":"2021-09-06T11:51:44","date_gmt":"2021-09-06T09:51:44","guid":{"rendered":"http:\/\/dmsindustry.fr\/?page_id=381"},"modified":"2021-09-07T08:19:31","modified_gmt":"2021-09-07T06:19:31","slug":"section-presses-shoe-press","status":"publish","type":"page","link":"http:\/\/dmsindustry.fr\/index.php\/produits\/section-presses-shoe-press\/","title":{"rendered":"Section Presses \/ Shoe Press"},"content":{"rendered":"\n<div class=\"wp-block-cover\" style=\"min-height:125px;aspect-ratio:unset;\"><img loading=\"lazy\" decoding=\"async\" width=\"980\" height=\"142\" class=\"wp-block-cover__image-background wp-image-382\" alt=\"\" src=\"http:\/\/dmsindustry.fr\/wp-content\/uploads\/2021\/09\/07-Banner-Shoe-press.png\" style=\"object-position:0% 0%\" data-object-fit=\"cover\" data-object-position=\"0% 0%\" srcset=\"http:\/\/dmsindustry.fr\/wp-content\/uploads\/2021\/09\/07-Banner-Shoe-press.png 980w, http:\/\/dmsindustry.fr\/wp-content\/uploads\/2021\/09\/07-Banner-Shoe-press-300x43.png 300w, http:\/\/dmsindustry.fr\/wp-content\/uploads\/2021\/09\/07-Banner-Shoe-press-768x111.png 768w\" sizes=\"(max-width: 980px) 100vw, 980px\" \/><div class=\"wp-block-cover__inner-container is-layout-flow wp-block-cover-is-layout-flow\">\n<p class=\"has-text-align-center has-large-font-size\"><\/p>\n<\/div><\/div>\n\n\n\n<p><em>DMS Industry peut fournir tous les composants d\u2019une section presses comme par exemple : &nbsp;pick-up, presse aspirante, presse conventionnelle, rouleau, tendeur, guide, rinceur\u2026<\/em><\/p>\n\n\n\n<ul><li><em>Bas\u00e9 sur une longue exp\u00e9rience provenant de la technologie \u00ab\u00a0BELOIT\u00a0\u00bb, nous avons continu\u00e9 \u00e0 d\u00e9velopper le design de fa\u00e7on \u00e0 assurer les nouvelles demandes en termes de qualit\u00e9, taux de productivit\u00e9 et production.<\/em><\/li><li><em>La feuille arrivant de la table de fabrication ou d\u2019une pr\u00e9c\u00e9dente Nip est transf\u00e9r\u00e9e \u00e0 l\u2019int\u00e9rieur de la shoe press<\/em><\/li><li><em>La pression sp\u00e9cifique augmente tout au long du parcours de la feuille dans la Nip tout en gardant une main importante.<\/em><\/li><li><em>La pression sens travers est contr\u00f4l\u00e9e et la pressure lin\u00e9aire peut atteindre<br>1300 kN\/m.<\/em><\/li><li><em>Lorsque la pression est importante et la machine large, la shoe press est combin\u00e9e avec une presse CCR (flexion du rouleau pouvant varier hydrauliquement).<\/em><\/li><li><em>Le CCR peut \u00eatre feutr\u00e9 ou pas ceci \u00e9tant d\u00e9pendant de la qualit\u00e9 de la feuille demand\u00e9e.<\/em><\/li><\/ul>\n\n\n\n<p><em>\u200b<\/em><\/p>\n","protected":false},"excerpt":{"rendered":"<p>DMS Industry peut fournir tous les composants d\u2019une section presses comme par exemple : &nbsp;pick-up, presse aspirante, presse conventionnelle, rouleau, tendeur, guide, rinceur\u2026 Bas\u00e9 sur une longue exp\u00e9rience provenant de la technologie \u00ab\u00a0BELOIT\u00a0\u00bb, nous avons continu\u00e9 \u00e0 d\u00e9velopper le design de fa\u00e7on \u00e0 assurer les nouvelles demandes en termes de qualit\u00e9, taux de productivit\u00e9 et production. La [&#8230;]<\/p>\n","protected":false},"author":1,"featured_media":0,"parent":114,"menu_order":4,"comment_status":"closed","ping_status":"closed","template":"","meta":{"footnotes":""},"_links":{"self":[{"href":"http:\/\/dmsindustry.fr\/index.php\/wp-json\/wp\/v2\/pages\/381"}],"collection":[{"href":"http:\/\/dmsindustry.fr\/index.php\/wp-json\/wp\/v2\/pages"}],"about":[{"href":"http:\/\/dmsindustry.fr\/index.php\/wp-json\/wp\/v2\/types\/page"}],"author":[{"embeddable":true,"href":"http:\/\/dmsindustry.fr\/index.php\/wp-json\/wp\/v2\/users\/1"}],"replies":[{"embeddable":true,"href":"http:\/\/dmsindustry.fr\/index.php\/wp-json\/wp\/v2\/comments?post=381"}],"version-history":[{"count":3,"href":"http:\/\/dmsindustry.fr\/index.php\/wp-json\/wp\/v2\/pages\/381\/revisions"}],"predecessor-version":[{"id":402,"href":"http:\/\/dmsindustry.fr\/index.php\/wp-json\/wp\/v2\/pages\/381\/revisions\/402"}],"up":[{"embeddable":true,"href":"http:\/\/dmsindustry.fr\/index.php\/wp-json\/wp\/v2\/pages\/114"}],"wp:attachment":[{"href":"http:\/\/dmsindustry.fr\/index.php\/wp-json\/wp\/v2\/media?parent=381"}],"curies":[{"name":"wp","href":"https:\/\/api.w.org\/{rel}","templated":true}]}}