{"id":388,"date":"2021-09-06T12:02:25","date_gmt":"2021-09-06T10:02:25","guid":{"rendered":"http:\/\/dmsindustry.fr\/?page_id=388"},"modified":"2021-09-16T08:59:06","modified_gmt":"2021-09-16T06:59:06","slug":"film-press-size-press","status":"publish","type":"page","link":"http:\/\/dmsindustry.fr\/index.php\/produits\/film-press-size-press\/","title":{"rendered":"Film Press \/ Size Press"},"content":{"rendered":"\n<div class=\"wp-block-cover\" style=\"min-height:125px;aspect-ratio:unset;\"><img loading=\"lazy\" decoding=\"async\" width=\"980\" height=\"142\" class=\"wp-block-cover__image-background wp-image-389\" alt=\"\" src=\"http:\/\/dmsindustry.fr\/wp-content\/uploads\/2021\/09\/08-Banniere-Film-press.png\" style=\"object-position:0% 0%\" data-object-fit=\"cover\" data-object-position=\"0% 0%\" srcset=\"http:\/\/dmsindustry.fr\/wp-content\/uploads\/2021\/09\/08-Banniere-Film-press.png 980w, http:\/\/dmsindustry.fr\/wp-content\/uploads\/2021\/09\/08-Banniere-Film-press-300x43.png 300w, http:\/\/dmsindustry.fr\/wp-content\/uploads\/2021\/09\/08-Banniere-Film-press-768x111.png 768w\" sizes=\"(max-width: 980px) 100vw, 980px\" \/><div class=\"wp-block-cover__inner-container is-layout-flow wp-block-cover-is-layout-flow\">\n<p class=\"has-text-align-center has-large-font-size\"><\/p>\n<\/div><\/div>\n\n\n\n<p><em>La film press est pr\u00e9vue pour appliquer 1 ou 2 couches de pigments sur la feuille ou pour\u00a0 transf\u00e9rer l\u2019amidon \u00e0 l\u2019int\u00e9rieur de la feuille lorsque l\u2019on utilise le mode size press.<\/em><\/p>\n\n\n\n<ul><li><em>Utilis\u00e9e pour augmenter les propri\u00e9t\u00e9s comme l\u2019impression ou la r\u00e9sistance de la feuille en rajoutant des produits chimiques en surface ou dans la feuille.<\/em><\/li><li><em>D\u00e9p\u00f4t pouvant aller jusqu\u2019\u00e0 8 grammes et avec des concentrations jusqu\u2019\u00e0 18%<\/em>.<\/li><li><em>Pour appliquer de l\u2019amidon, pigment ou PVA.<\/em><\/li><\/ul>\n\n\n\n<p><em>\u200bLa conception a \u00e9t\u00e9 pens\u00e9e pour \u00eatre flexible et plusieurs configurations sont possibles :<\/em><\/p>\n\n\n\n<ul><li><em>Sans t\u00eate d\u2019application (mode size press)<\/em><\/li><li><em>2 t\u00eates d\u2019application (classique film press)<\/em><\/li><li><em>1 t\u00eate d\u2019application et 1 racle (papiers sp\u00e9ciaux)<\/em><\/li><li><em>Combin\u00e9e avec 2 t\u00eates et tous les composants utilis\u00e9s en mode size press<\/em><\/li><\/ul>\n\n\n\n<p><em>\u200b<\/em><\/p>\n","protected":false},"excerpt":{"rendered":"<p>La film press est pr\u00e9vue pour appliquer 1 ou 2 couches de pigments sur la feuille ou pour\u00a0 transf\u00e9rer l\u2019amidon \u00e0 l\u2019int\u00e9rieur de la feuille lorsque l\u2019on utilise le mode size press. Utilis\u00e9e pour augmenter les propri\u00e9t\u00e9s comme l\u2019impression ou la r\u00e9sistance de la feuille en rajoutant des produits chimiques en surface ou dans la feuille. D\u00e9p\u00f4t [&#8230;]<\/p>\n","protected":false},"author":1,"featured_media":0,"parent":114,"menu_order":5,"comment_status":"closed","ping_status":"closed","template":"","meta":{"footnotes":""},"_links":{"self":[{"href":"http:\/\/dmsindustry.fr\/index.php\/wp-json\/wp\/v2\/pages\/388"}],"collection":[{"href":"http:\/\/dmsindustry.fr\/index.php\/wp-json\/wp\/v2\/pages"}],"about":[{"href":"http:\/\/dmsindustry.fr\/index.php\/wp-json\/wp\/v2\/types\/page"}],"author":[{"embeddable":true,"href":"http:\/\/dmsindustry.fr\/index.php\/wp-json\/wp\/v2\/users\/1"}],"replies":[{"embeddable":true,"href":"http:\/\/dmsindustry.fr\/index.php\/wp-json\/wp\/v2\/comments?post=388"}],"version-history":[{"count":3,"href":"http:\/\/dmsindustry.fr\/index.php\/wp-json\/wp\/v2\/pages\/388\/revisions"}],"predecessor-version":[{"id":581,"href":"http:\/\/dmsindustry.fr\/index.php\/wp-json\/wp\/v2\/pages\/388\/revisions\/581"}],"up":[{"embeddable":true,"href":"http:\/\/dmsindustry.fr\/index.php\/wp-json\/wp\/v2\/pages\/114"}],"wp:attachment":[{"href":"http:\/\/dmsindustry.fr\/index.php\/wp-json\/wp\/v2\/media?parent=388"}],"curies":[{"name":"wp","href":"https:\/\/api.w.org\/{rel}","templated":true}]}}