{"id":391,"date":"2021-09-06T12:23:21","date_gmt":"2021-09-06T10:23:21","guid":{"rendered":"http:\/\/dmsindustry.fr\/?page_id=391"},"modified":"2021-09-07T08:20:53","modified_gmt":"2021-09-07T06:20:53","slug":"coucheuse","status":"publish","type":"page","link":"http:\/\/dmsindustry.fr\/index.php\/produits\/coucheuse\/","title":{"rendered":"Coucheuse"},"content":{"rendered":"\n<div class=\"wp-block-cover\" style=\"min-height:125px;aspect-ratio:unset;\"><img loading=\"lazy\" decoding=\"async\" width=\"980\" height=\"142\" class=\"wp-block-cover__image-background wp-image-392\" alt=\"\" src=\"http:\/\/dmsindustry.fr\/wp-content\/uploads\/2021\/09\/08-Banniere-Film-press-1.png\" style=\"object-position:0% 0%\" data-object-fit=\"cover\" data-object-position=\"0% 0%\" srcset=\"http:\/\/dmsindustry.fr\/wp-content\/uploads\/2021\/09\/08-Banniere-Film-press-1.png 980w, http:\/\/dmsindustry.fr\/wp-content\/uploads\/2021\/09\/08-Banniere-Film-press-1-300x43.png 300w, http:\/\/dmsindustry.fr\/wp-content\/uploads\/2021\/09\/08-Banniere-Film-press-1-768x111.png 768w\" sizes=\"(max-width: 980px) 100vw, 980px\" \/><div class=\"wp-block-cover__inner-container is-layout-flow wp-block-cover-is-layout-flow\">\n<p class=\"has-text-align-center has-large-font-size\"><\/p>\n<\/div><\/div>\n\n\n\n<p><em>La coucheuse est pr\u00e9vue pour appliquer 1 couche de pigments sur la feuille.<\/em><\/p>\n\n\n\n<ul><li><em>Utilis\u00e9e pour modifier l&rsquo;\u00e9tat de surface de la feuille et lui conf\u00e9rer des propri\u00e9t\u00e9s additionnelles.<\/em><\/li><li><em>D\u00e9p\u00f4t d&rsquo;une couche \u00e0 dispersion aqueuse constitu\u00e9e majoritairement de pigments et de liants.<\/em><\/li><li><em>D\u00e9p\u00f4t de couche pigmentaire de l&rsquo;ordre de 5 \u00e0 20 g\/m\u00b2 d\u00e9pendant du nombre de passages dans les coucheuses.<\/em><\/li><\/ul>\n\n\n\n<p><em>\u200bLa conception a \u00e9t\u00e9 pens\u00e9e pour \u00eatre flexible et plusieurs configurations sont possibles :<\/em><\/p>\n\n\n\n<ul><li><em>Application mode crayon<\/em><\/li><li><em>Application mode lame<\/em><\/li><\/ul>\n\n\n\n<p><em>\u200b<\/em><\/p>\n","protected":false},"excerpt":{"rendered":"<p>La coucheuse est pr\u00e9vue pour appliquer 1 couche de pigments sur la feuille. Utilis\u00e9e pour modifier l&rsquo;\u00e9tat de surface de la feuille et lui conf\u00e9rer des propri\u00e9t\u00e9s additionnelles. D\u00e9p\u00f4t d&rsquo;une couche \u00e0 dispersion aqueuse constitu\u00e9e majoritairement de pigments et de liants. D\u00e9p\u00f4t de couche pigmentaire de l&rsquo;ordre de 5 \u00e0 20 g\/m\u00b2 d\u00e9pendant du nombre de passages [&#8230;]<\/p>\n","protected":false},"author":1,"featured_media":0,"parent":114,"menu_order":6,"comment_status":"closed","ping_status":"closed","template":"","meta":{"footnotes":""},"_links":{"self":[{"href":"http:\/\/dmsindustry.fr\/index.php\/wp-json\/wp\/v2\/pages\/391"}],"collection":[{"href":"http:\/\/dmsindustry.fr\/index.php\/wp-json\/wp\/v2\/pages"}],"about":[{"href":"http:\/\/dmsindustry.fr\/index.php\/wp-json\/wp\/v2\/types\/page"}],"author":[{"embeddable":true,"href":"http:\/\/dmsindustry.fr\/index.php\/wp-json\/wp\/v2\/users\/1"}],"replies":[{"embeddable":true,"href":"http:\/\/dmsindustry.fr\/index.php\/wp-json\/wp\/v2\/comments?post=391"}],"version-history":[{"count":2,"href":"http:\/\/dmsindustry.fr\/index.php\/wp-json\/wp\/v2\/pages\/391\/revisions"}],"predecessor-version":[{"id":404,"href":"http:\/\/dmsindustry.fr\/index.php\/wp-json\/wp\/v2\/pages\/391\/revisions\/404"}],"up":[{"embeddable":true,"href":"http:\/\/dmsindustry.fr\/index.php\/wp-json\/wp\/v2\/pages\/114"}],"wp:attachment":[{"href":"http:\/\/dmsindustry.fr\/index.php\/wp-json\/wp\/v2\/media?parent=391"}],"curies":[{"name":"wp","href":"https:\/\/api.w.org\/{rel}","templated":true}]}}