{"id":394,"date":"2021-09-06T12:29:26","date_gmt":"2021-09-06T10:29:26","guid":{"rendered":"http:\/\/dmsindustry.fr\/?page_id=394"},"modified":"2021-09-07T08:21:30","modified_gmt":"2021-09-07T06:21:30","slug":"calandre","status":"publish","type":"page","link":"http:\/\/dmsindustry.fr\/index.php\/produits\/calandre\/","title":{"rendered":"Calandre"},"content":{"rendered":"\n<div class=\"wp-block-cover\" style=\"min-height:125px;aspect-ratio:unset;\"><img loading=\"lazy\" decoding=\"async\" width=\"980\" height=\"142\" class=\"wp-block-cover__image-background wp-image-395\" alt=\"\" src=\"http:\/\/dmsindustry.fr\/wp-content\/uploads\/2021\/09\/09-Banner-calandre2.png\" style=\"object-position:0% 0%\" data-object-fit=\"cover\" data-object-position=\"0% 0%\" srcset=\"http:\/\/dmsindustry.fr\/wp-content\/uploads\/2021\/09\/09-Banner-calandre2.png 980w, http:\/\/dmsindustry.fr\/wp-content\/uploads\/2021\/09\/09-Banner-calandre2-300x43.png 300w, http:\/\/dmsindustry.fr\/wp-content\/uploads\/2021\/09\/09-Banner-calandre2-768x111.png 768w\" sizes=\"(max-width: 980px) 100vw, 980px\" \/><div class=\"wp-block-cover__inner-container is-layout-flow wp-block-cover-is-layout-flow\">\n<p class=\"has-text-align-center has-large-font-size\"><\/p>\n<\/div><\/div>\n\n\n\n<ul><li><em>Les calandres sont utilis\u00e9es pour le changement de caract\u00e9ristiques de la feuille, telles que le liss\u00e9, la brillance, l\u2019\u00e9paisseur.<\/em><\/li><li><em>Les rouleaux de calandre peuvent \u00eatre soit durs soit mous et \u00eatre combin\u00e9s \u00e0 plusieurs Nips si n\u00e9cessaire.<\/em><\/li><li><em>Les rouleaux thermo peuvent \u00eatre chauff\u00e9s \u00e0 l\u2019eau, vapeur ou huile chaude.<\/em><\/li><li><em>Lorsque la combinaison charge lin\u00e9aire et largeur machine devient importante, l\u2019utilisation d\u2019un rouleau \u00e0 flexion contr\u00f4l\u00e9e corrigeant la d\u00e9form\u00e9e de la virole est n\u00e9cessaire.<\/em><\/li><li><em>Le profil de la feuille peut \u00eatre contr\u00f4l\u00e9 par un syst\u00e8me de soufflage d\u2019air ou un syst\u00e8me de chauffage type induction.<\/em><\/li><li><em>Le rouleau thermo et le rouleau flottant peuvent \u00eatre interchangeables sans changer la transmission.<\/em><\/li><li><em>Equipement possible :<\/em><ul><li><em>Racles<\/em><\/li><li><em>Syst\u00e8me de contr\u00f4le de temp\u00e9rature<\/em><\/li><li><em>Syst\u00e8me d\u2019aspiration de poussi\u00e8re<\/em><\/li><\/ul><\/li><\/ul>\n\n\n\n<p><\/p>\n","protected":false},"excerpt":{"rendered":"<p>Les calandres sont utilis\u00e9es pour le changement de caract\u00e9ristiques de la feuille, telles que le liss\u00e9, la brillance, l\u2019\u00e9paisseur. Les rouleaux de calandre peuvent \u00eatre soit durs soit mous et \u00eatre combin\u00e9s \u00e0 plusieurs Nips si n\u00e9cessaire. Les rouleaux thermo peuvent \u00eatre chauff\u00e9s \u00e0 l\u2019eau, vapeur ou huile chaude. Lorsque la combinaison charge lin\u00e9aire et largeur machine [&#8230;]<\/p>\n","protected":false},"author":1,"featured_media":0,"parent":114,"menu_order":7,"comment_status":"closed","ping_status":"closed","template":"","meta":{"footnotes":""},"_links":{"self":[{"href":"http:\/\/dmsindustry.fr\/index.php\/wp-json\/wp\/v2\/pages\/394"}],"collection":[{"href":"http:\/\/dmsindustry.fr\/index.php\/wp-json\/wp\/v2\/pages"}],"about":[{"href":"http:\/\/dmsindustry.fr\/index.php\/wp-json\/wp\/v2\/types\/page"}],"author":[{"embeddable":true,"href":"http:\/\/dmsindustry.fr\/index.php\/wp-json\/wp\/v2\/users\/1"}],"replies":[{"embeddable":true,"href":"http:\/\/dmsindustry.fr\/index.php\/wp-json\/wp\/v2\/comments?post=394"}],"version-history":[{"count":2,"href":"http:\/\/dmsindustry.fr\/index.php\/wp-json\/wp\/v2\/pages\/394\/revisions"}],"predecessor-version":[{"id":405,"href":"http:\/\/dmsindustry.fr\/index.php\/wp-json\/wp\/v2\/pages\/394\/revisions\/405"}],"up":[{"embeddable":true,"href":"http:\/\/dmsindustry.fr\/index.php\/wp-json\/wp\/v2\/pages\/114"}],"wp:attachment":[{"href":"http:\/\/dmsindustry.fr\/index.php\/wp-json\/wp\/v2\/media?parent=394"}],"curies":[{"name":"wp","href":"https:\/\/api.w.org\/{rel}","templated":true}]}}