{"id":397,"date":"2021-09-06T12:38:55","date_gmt":"2021-09-06T10:38:55","guid":{"rendered":"http:\/\/dmsindustry.fr\/?page_id=397"},"modified":"2021-09-07T08:22:08","modified_gmt":"2021-09-07T06:22:08","slug":"enrouleuse-bobineuse-derouleur","status":"publish","type":"page","link":"http:\/\/dmsindustry.fr\/index.php\/produits\/enrouleuse-bobineuse-derouleur\/","title":{"rendered":"Enrouleuse \/ Bobineuse \/ D\u00e9rouleur"},"content":{"rendered":"\n<div class=\"wp-block-cover has-background-dim-20 has-background-dim\" style=\"min-height:125px;aspect-ratio:unset;\"><img loading=\"lazy\" decoding=\"async\" width=\"980\" height=\"143\" class=\"wp-block-cover__image-background wp-image-398\" alt=\"\" src=\"http:\/\/dmsindustry.fr\/wp-content\/uploads\/2021\/09\/10-Banner-derouleur.png\" style=\"object-position:0% 0%\" data-object-fit=\"cover\" data-object-position=\"0% 0%\" srcset=\"http:\/\/dmsindustry.fr\/wp-content\/uploads\/2021\/09\/10-Banner-derouleur.png 980w, http:\/\/dmsindustry.fr\/wp-content\/uploads\/2021\/09\/10-Banner-derouleur-300x44.png 300w, http:\/\/dmsindustry.fr\/wp-content\/uploads\/2021\/09\/10-Banner-derouleur-768x112.png 768w\" sizes=\"(max-width: 980px) 100vw, 980px\" \/><div class=\"wp-block-cover__inner-container is-layout-flow wp-block-cover-is-layout-flow\">\n<p class=\"has-text-align-center has-large-font-size\"><\/p>\n<\/div><\/div>\n\n\n\n<p><em>DMS Industry peut fournir tous types de solution d&rsquo;enroulage en fonction du produit final.<\/em><\/p>\n\n\n\n<ul><li><em>Enrouleuse hydraulique.<\/em><\/li><li><em>Enrouleuse pneumatique.<\/em><\/li><li><em>Magasin \u00e0 mandrins<\/em>.<\/li><li><em>Syst\u00e8me de changement automatique de bobines (type turn-up, gooseneck, \u00e0 eau haute pression).<\/em><\/li><\/ul>\n\n\n\n<ul><li><em>Bobineuse \u00e0 rouleaux porteurs.<\/em><\/li><li><em>Bobineuse tangentielle<\/em>.<\/li><\/ul>\n\n\n\n<ul><li><em>D\u00e9rouleur \u00e0 prise au sol.<\/em><\/li><li><em>Frein\u00e9 ou motoris\u00e9<\/em>.<\/li><li><em>Pour mandrin carton ou broche machine.<\/em><\/li><\/ul>\n","protected":false},"excerpt":{"rendered":"<p>DMS Industry peut fournir tous types de solution d&rsquo;enroulage en fonction du produit final. Enrouleuse hydraulique. Enrouleuse pneumatique. Magasin \u00e0 mandrins. Syst\u00e8me de changement automatique de bobines (type turn-up, gooseneck, \u00e0 eau haute pression). Bobineuse \u00e0 rouleaux porteurs. Bobineuse tangentielle. D\u00e9rouleur \u00e0 prise au sol. Frein\u00e9 ou motoris\u00e9. Pour mandrin carton ou broche machine.<\/p>\n","protected":false},"author":1,"featured_media":0,"parent":114,"menu_order":8,"comment_status":"closed","ping_status":"closed","template":"","meta":{"footnotes":""},"_links":{"self":[{"href":"http:\/\/dmsindustry.fr\/index.php\/wp-json\/wp\/v2\/pages\/397"}],"collection":[{"href":"http:\/\/dmsindustry.fr\/index.php\/wp-json\/wp\/v2\/pages"}],"about":[{"href":"http:\/\/dmsindustry.fr\/index.php\/wp-json\/wp\/v2\/types\/page"}],"author":[{"embeddable":true,"href":"http:\/\/dmsindustry.fr\/index.php\/wp-json\/wp\/v2\/users\/1"}],"replies":[{"embeddable":true,"href":"http:\/\/dmsindustry.fr\/index.php\/wp-json\/wp\/v2\/comments?post=397"}],"version-history":[{"count":3,"href":"http:\/\/dmsindustry.fr\/index.php\/wp-json\/wp\/v2\/pages\/397\/revisions"}],"predecessor-version":[{"id":406,"href":"http:\/\/dmsindustry.fr\/index.php\/wp-json\/wp\/v2\/pages\/397\/revisions\/406"}],"up":[{"embeddable":true,"href":"http:\/\/dmsindustry.fr\/index.php\/wp-json\/wp\/v2\/pages\/114"}],"wp:attachment":[{"href":"http:\/\/dmsindustry.fr\/index.php\/wp-json\/wp\/v2\/media?parent=397"}],"curies":[{"name":"wp","href":"https:\/\/api.w.org\/{rel}","templated":true}]}}